{"id":281,"date":"2024-12-05T19:45:28","date_gmt":"2024-12-05T18:45:28","guid":{"rendered":"https:\/\/vivaskin.it\/promo\/?post_type=product&#038;p=281"},"modified":"2024-12-05T20:36:10","modified_gmt":"2024-12-05T19:36:10","slug":"gift-for-given","status":"publish","type":"product","link":"https:\/\/vivaskin.it\/promo\/servizio\/gift-for-given\/","title":{"rendered":"Gift For Given"},"content":{"rendered":"<p>\ud83d\udc49\ud83c\udffb &#8220;Gift of Giving: Il Dono del Dare \u2013 La Bellezza Sospesa&#8221; \u00e8 un progetto solidale che rappresenta un esempio innovativo di come la Medicina Estetica possa diventare uno strumento di inclusione sociale e supporto psicologico. Grazie alla solidariet\u00e0 di ognuno di noi, il progetto si avvale della collaborazione con l&#8217;Associazione Thamaia, che dal 2001 opera a Catania e provincia con l&#8217;obiettivo di migliorare la qualit\u00e0 della vita di donne e minori che vivono in situazioni di violenza e maltrattamento familiare.<\/p>\n<p>\ud83d\udc8e Il progetto ha come finalit\u00e0 principale quella di accompagnare queste donne nel percorso di riconquista della propria autostima e bellezza interiore, compromesse dalla violenza subita, attraverso trattamenti di Medicina Estetica pro bono. Questi interventi mirano a ricostruire l&#8217;immagine di s\u00e9, favorendo il benessere psicologico, fisico e sociale come diritti fondamentali di ogni individuo.<\/p>\n<p>\u203c\ufe0f In quanto serata ad invito, la PRENOTAZIONE \u00e8 OBBLIGATORIA. Per agevolare l&#8217;accesso, si prega di inviare la ricevuta del bonifico e i nominativi dei partecipanti all&#8217;indirizzo email: fundraising@thamaia.org<\/p>\n<p>\ud83d\udc95 Si ringrazia per il supporto: La Torre Catering, Prima in Cucina, Fiasconaro, Federazione Italiana Sommelier, Zahir, Palumbo&amp;Gigante, Marco Strano, Ceramiche De Simone, Fiorelli Wedding, DJ Vittorio Pellitteri, Le Donne del Vino, Vivaskin, Sunprod, la Giornalista Letizia Carrara.<\/p>\n<p>Vi aspettiamo per una serata all&#8217;insegna della solidariet\u00e0 e del divertimento. Perch\u00e9 la solidariet\u00e0 \u00e8 l&#8217;unico investimento che non fallisce mai. Insieme possiamo fare la differenza \ud83d\udcaa\ud83c\udffb<\/p>\n<p>Anna Agosta (Presidente di Thamaia)<br \/>\nCristina Virz\u00ec (Ideatrice del progetto)<\/p>\n","protected":false},"excerpt":{"rendered":"<p><strong>Gift of Giving: Il Dono del Dare \u2013 La Bellezza Sospesa<\/strong><\/p>\n<p>\ud83c\udf80 &#8220;Ogni volta che una donna lotta per se stessa, lotta per tutte le donne.&#8221; \ud83c\udf80<br \/>\nCena di Raccolta Fondi e Asta Benefica, 17 dicembre, Palazzo Biscari &#8211; ore 19:30<\/p>\n<p><strong>COME DONARE:<\/strong><\/p>\n<p><strong><em>Bonifico bancario<\/em><\/strong><br \/>\nIBAN: IT92Q0306909606100000069192<br \/>\nIntestato a: Associazione Thamaia Onlus<br \/>\nCausale: Serata di raccolta fondi \u2013 Bellezza Sospesa<\/p>\n","protected":false},"featured_media":292,"template":"","meta":[],"product_cat":[27],"product_tag":[],"class_list":{"0":"post-281","1":"product","2":"type-product","3":"status-publish","4":"has-post-thumbnail","6":"product_cat-gift-card","8":"first","9":"instock","10":"virtual","11":"taxable","12":"purchasable","13":"product-type-simple"},"_links":{"self":[{"href":"https:\/\/vivaskin.it\/promo\/wp-json\/wp\/v2\/product\/281","targetHints":{"allow":["GET"]}}],"collection":[{"href":"https:\/\/vivaskin.it\/promo\/wp-json\/wp\/v2\/product"}],"about":[{"href":"https:\/\/vivaskin.it\/promo\/wp-json\/wp\/v2\/types\/product"}],"wp:featuredmedia":[{"embeddable":true,"href":"https:\/\/vivaskin.it\/promo\/wp-json\/wp\/v2\/media\/292"}],"wp:attachment":[{"href":"https:\/\/vivaskin.it\/promo\/wp-json\/wp\/v2\/media?parent=281"}],"wp:term":[{"taxonomy":"product_cat","embeddable":true,"href":"https:\/\/vivaskin.it\/promo\/wp-json\/wp\/v2\/product_cat?post=281"},{"taxonomy":"product_tag","embeddable":true,"href":"https:\/\/vivaskin.it\/promo\/wp-json\/wp\/v2\/product_tag?post=281"}],"curies":[{"name":"wp","href":"https:\/\/api.w.org\/{rel}","templated":true}]}}